{"id":3047,"date":"2020-03-14T14:31:03","date_gmt":"2020-03-14T14:31:03","guid":{"rendered":"https:\/\/www.cnc-metall-verarbeitung.com\/?page_id=3047"},"modified":"2024-08-22T13:25:49","modified_gmt":"2024-08-22T13:25:49","slug":"kontakt","status":"publish","type":"page","link":"https:\/\/www.cnc-metall-verarbeitung.com\/en\/kontakt","title":{"rendered":"Contact"},"content":{"rendered":"<div class=\"wpb-content-wrapper\"><div class=\"vc_row wpb_row vc_row-fluid inner_container desktop-visible cneo-head vc_custom_1674663848818 vc_row-has-fill vc_rtl-columns-reverse vc_row-o-content-middle vc_row-flex\"><div class=\"wpb_column vc_column_container vc_col-sm-3\/5\"><div class=\"vc_column-inner vc_custom_1581831845353\"><div class=\"wpb_wrapper\">\n\t<div class=\"wpb_text_column wpb_content_element\" >\n\t\t<div class=\"wpb_wrapper\">\n\t\t\t\n\t\t<\/div>\n\t<\/div>\n<\/div><\/div><\/div><\/div><div class=\"vc_row wpb_row vc_row-fluid mobile-invisible cneo-head\"><div class=\"wpb_column vc_column_container vc_col-sm-12\"><div class=\"vc_column-inner\"><div class=\"wpb_wrapper\">\n\t<div  class=\"wpb_single_image wpb_content_element vc_align_left\">\n\t\t\n\t\t<figure class=\"wpb_wrapper vc_figure\">\n\t\t\t<div class=\"vc_single_image-wrapper   vc_box_border_grey\"><img loading=\"lazy\" decoding=\"async\" width=\"800\" height=\"600\" src=\"https:\/\/www.cnc-metall-verarbeitung.com\/wp-content\/uploads\/maschine_3_800_600.jpg\" class=\"vc_single_image-img attachment-full\" alt=\"\" title=\"CNC at work\" srcset=\"https:\/\/www.cnc-metall-verarbeitung.com\/wp-content\/uploads\/maschine_3_800_600.jpg 800w, https:\/\/www.cnc-metall-verarbeitung.com\/wp-content\/uploads\/maschine_3_800_600-300x225.jpg 300w, https:\/\/www.cnc-metall-verarbeitung.com\/wp-content\/uploads\/maschine_3_800_600-768x576.jpg 768w, https:\/\/www.cnc-metall-verarbeitung.com\/wp-content\/uploads\/maschine_3_800_600-16x12.jpg 16w, https:\/\/www.cnc-metall-verarbeitung.com\/wp-content\/uploads\/maschine_3_800_600-100x75.jpg 100w\" sizes=\"(max-width: 800px) 100vw, 800px\" \/><\/div>\n\t\t<\/figure>\n\t<\/div>\n<\/div><\/div><\/div><\/div><div class=\"vc_row wpb_row vc_row-fluid inner_container_fixed\"><div class=\"wpb_column vc_column_container vc_col-sm-12\"><div class=\"vc_column-inner\"><div class=\"wpb_wrapper\"><div class=\"vc_empty_space\"   style=\"height: 32px\"><span class=\"vc_empty_space_inner\"><\/span><\/div>\n\t<div class=\"wpb_text_column wpb_content_element\" >\n\t\t<div class=\"wpb_wrapper\">\n\t\t\t<h1 style=\"text-align: center;\">CONTACT US<\/h1>\n<p style=\"text-align: center;\">You can reach us as follows:<\/p>\n<p style=\"text-align: center;\">CNC Metal Processing<br \/>\nSiemensstrasse 9<br \/>\n47533 Kleve<\/p>\n<p style=\"text-align: center;\">Phone 0 28 21 - 8969910<br \/>\nEmail\u00a0<a href=\"mailto:m.sikorska@cnc-metall-verarbeitung.com\">m.sikorska@cnc-metall-verarbeitung.com<\/a><\/p>\n<p style=\"text-align: center;\">Or simply fill out the form below and submit it. We will get in touch with you as soon as possible.<\/p>\n\n\t\t<\/div>\n\t<\/div>\n<\/div><\/div><\/div><\/div><div class=\"vc_row wpb_row vc_row-fluid inner_container_fixed\"><div class=\"wpb_column vc_column_container vc_col-sm-12\"><div class=\"vc_column-inner\"><div class=\"wpb_wrapper\">\n<div class=\"wpcf7 no-js\" id=\"wpcf7-f1931-o1\" lang=\"de-DE\" dir=\"ltr\">\n<div class=\"screen-reader-response\"><p role=\"status\" aria-live=\"polite\" aria-atomic=\"true\"><\/p> <ul><\/ul><\/div>\n<form action=\"\/wp-json\/wp\/v2\/pages\/3047\" method=\"post\" class=\"wpcf7-form init\" aria-label=\"Contact form\" novalidate=\"novalidate\" data-status=\"init\" data-trp-original-action=\"\/en\/wp-json\/wp\/v2\/pages\/3047#wpcf7-f1931-o1\">\n<div style=\"display: none;\">\n<input type=\"hidden\" name=\"_wpcf7\" value=\"1931\" \/>\n<input type=\"hidden\" name=\"_wpcf7_version\" value=\"5.9.8\" \/>\n<input type=\"hidden\" name=\"_wpcf7_locale\" value=\"de_DE\" \/>\n<input type=\"hidden\" name=\"_wpcf7_unit_tag\" value=\"wpcf7-f1931-o1\" \/>\n<input type=\"hidden\" name=\"_wpcf7_container_post\" value=\"0\" \/>\n<input type=\"hidden\" name=\"_wpcf7_posted_data_hash\" value=\"\" \/>\n<\/div>\n<p><label> Your name (mandatory field)<br \/>\n<span class=\"wpcf7-form-control-wrap\" data-name=\"your-name\"><input size=\"40\" maxlength=\"400\" class=\"wpcf7-form-control wpcf7-text wpcf7-validates-as-required\" aria-required=\"true\" aria-invalid=\"false\" value=\"\" type=\"text\" name=\"your-name\" \/><\/span> <\/label>\n<\/p>\n<p><label> Your e-mail address (mandatory field)<br \/>\n<span class=\"wpcf7-form-control-wrap\" data-name=\"your-email\"><input size=\"40\" maxlength=\"400\" class=\"wpcf7-form-control wpcf7-email wpcf7-validates-as-required wpcf7-text wpcf7-validates-as-email\" aria-required=\"true\" aria-invalid=\"false\" value=\"\" type=\"email\" name=\"your-email\" \/><\/span> <\/label>\n<\/p>\n<p><label> Subject<br \/>\n<span class=\"wpcf7-form-control-wrap\" data-name=\"your-subject\"><input size=\"40\" maxlength=\"400\" class=\"wpcf7-form-control wpcf7-text\" aria-invalid=\"false\" value=\"\" type=\"text\" name=\"your-subject\" \/><\/span> <\/label>\n<\/p>\n<p><label> your message<br \/>\n<span class=\"wpcf7-form-control-wrap\" data-name=\"your-message\"><textarea cols=\"40\" rows=\"10\" maxlength=\"2000\" class=\"wpcf7-form-control wpcf7-textarea\" aria-invalid=\"false\" name=\"your-message\"><\/textarea><\/span> <\/label>\n<\/p>\n<p>You will receive a separate email with the data you entered.\n<\/p>\n<p><input class=\"wpcf7-form-control wpcf7-submit has-spinner\" type=\"submit\" value=\"Send\" \/>\n<\/p>\n<p><span id=\"wpcf7-69e779907ecc5-wrapper\" class=\"wpcf7-form-control-wrap honeypotemailwebsite-wrap\" style=\"display:none !important; visibility:hidden !important;\"><label for=\"wpcf7-69e779907ecc5-field\" class=\"hp-message\">Bitte lasse dieses Feld leer.<\/label><input id=\"wpcf7-69e779907ecc5-field\"  class=\"wpcf7-form-control wpcf7-text\" type=\"text\" name=\"honeypotemailwebsite\" value=\"\" size=\"40\" tabindex=\"-1\" autocomplete=\"new-password\" \/><\/span>\n<\/p><div class=\"wpcf7-response-output\" aria-hidden=\"true\"><\/div>\n<input type=\"hidden\" name=\"trp-form-language\" value=\"en\"\/><\/form>\n<\/div>\n<\/div><\/div><\/div><\/div>\n<\/div>","protected":false},"excerpt":{"rendered":"CONTACT US You can reach us as follows: CNC-Metall-Processing Siemensstrasse 9 47533 Kleve Phone 0 28 21 - 8969910 Email m.sikorska@cnc-metall-verarbeitung.com Or simply fill out and submit the form below. We will contact you as soon as possible. Your name (mandatory field) Your e-mail address (mandatory field) Subject Your message You will receive a ... <a href=\"https:\/\/www.cnc-metall-verarbeitung.com\/en\/kontakt\" class=\"more-link\">Read More<\/a>","protected":false},"author":1,"featured_media":5059,"parent":0,"menu_order":0,"comment_status":"closed","ping_status":"closed","template":"template-blank-4.php","meta":{"footnotes":""},"class_list":["post-3047","page","type-page","status-publish","has-post-thumbnail","hentry"],"yoast_head":"<!-- This site is optimized with the Yoast SEO plugin v23.6 - https:\/\/yoast.com\/wordpress\/plugins\/seo\/ -->\n<title>Kontakt - cnc-metall-processing<\/title>\n<meta name=\"description\" content=\"Ihr CNC Unternehmen f\u00fcr Metall Prototypen, Serienfertigung und Metall Bauteile in Kleve, Duisburg, Dortmund, Essen, M\u00fcnster, D\u00fcsseldorf\" \/>\n<meta name=\"robots\" content=\"index, follow, max-snippet:-1, max-image-preview:large, max-video-preview:-1\" \/>\n<link rel=\"canonical\" href=\"https:\/\/www.cnc-metall-verarbeitung.com\/en\/kontakt\" \/>\n<meta property=\"og:locale\" content=\"en_GB\" \/>\n<meta property=\"og:type\" content=\"article\" \/>\n<meta property=\"og:title\" content=\"Kontakt - cnc-metall-processing\" \/>\n<meta property=\"og:description\" content=\"Ihr CNC Unternehmen f\u00fcr Metall Prototypen, Serienfertigung und Metall Bauteile in Kleve, Duisburg, Dortmund, Essen, M\u00fcnster, D\u00fcsseldorf\" \/>\n<meta property=\"og:url\" content=\"https:\/\/www.cnc-metall-verarbeitung.com\/en\/kontakt\" \/>\n<meta property=\"og:site_name\" content=\"CNC Metall Verarbeitung\" \/>\n<meta property=\"article:modified_time\" content=\"2024-08-22T13:25:49+00:00\" \/>\n<meta property=\"og:image\" content=\"https:\/\/www.cnc-metall-verarbeitung.com\/wp-content\/uploads\/maschine_3_800_600.jpg\" \/>\n\t<meta property=\"og:image:width\" content=\"800\" \/>\n\t<meta property=\"og:image:height\" content=\"600\" \/>\n\t<meta property=\"og:image:type\" content=\"image\/jpeg\" \/>\n<meta name=\"twitter:card\" content=\"summary_large_image\" \/>\n<meta name=\"twitter:label1\" content=\"Estimated reading time\" \/>\n\t<meta name=\"twitter:data1\" content=\"1 minute\" \/>\n<script type=\"application\/ld+json\" class=\"yoast-schema-graph\">{\"@context\":\"https:\/\/schema.org\",\"@graph\":[{\"@type\":\"WebPage\",\"@id\":\"https:\/\/www.cnc-metall-verarbeitung.com\/kontakt\",\"url\":\"https:\/\/www.cnc-metall-verarbeitung.com\/kontakt\",\"name\":\"Kontakt - cnc-metall-processing\",\"isPartOf\":{\"@id\":\"https:\/\/www.cnc-metall-verarbeitung.com\/#website\"},\"primaryImageOfPage\":{\"@id\":\"https:\/\/www.cnc-metall-verarbeitung.com\/kontakt#primaryimage\"},\"image\":{\"@id\":\"https:\/\/www.cnc-metall-verarbeitung.com\/kontakt#primaryimage\"},\"thumbnailUrl\":\"https:\/\/www.cnc-metall-verarbeitung.com\/wp-content\/uploads\/maschine_3_800_600.jpg\",\"datePublished\":\"2020-03-14T14:31:03+00:00\",\"dateModified\":\"2024-08-22T13:25:49+00:00\",\"description\":\"Ihr CNC Unternehmen f\u00fcr Metall Prototypen, Serienfertigung und Metall Bauteile in Kleve, Duisburg, Dortmund, Essen, M\u00fcnster, D\u00fcsseldorf\",\"inLanguage\":\"en-GB\",\"potentialAction\":[{\"@type\":\"ReadAction\",\"target\":[\"https:\/\/www.cnc-metall-verarbeitung.com\/kontakt\"]}]},{\"@type\":\"ImageObject\",\"inLanguage\":\"en-GB\",\"@id\":\"https:\/\/www.cnc-metall-verarbeitung.com\/kontakt#primaryimage\",\"url\":\"https:\/\/www.cnc-metall-verarbeitung.com\/wp-content\/uploads\/maschine_3_800_600.jpg\",\"contentUrl\":\"https:\/\/www.cnc-metall-verarbeitung.com\/wp-content\/uploads\/maschine_3_800_600.jpg\",\"width\":800,\"height\":600,\"caption\":\"Close up of CNC machine at work\"},{\"@type\":\"WebSite\",\"@id\":\"https:\/\/www.cnc-metall-verarbeitung.com\/#website\",\"url\":\"https:\/\/www.cnc-metall-verarbeitung.com\/\",\"name\":\"CNC Metall Verarbeitung\",\"description\":\"CNC Metall Verarbeitung\",\"potentialAction\":[{\"@type\":\"SearchAction\",\"target\":{\"@type\":\"EntryPoint\",\"urlTemplate\":\"https:\/\/www.cnc-metall-verarbeitung.com\/?s={search_term_string}\"},\"query-input\":{\"@type\":\"PropertyValueSpecification\",\"valueRequired\":true,\"valueName\":\"search_term_string\"}}],\"inLanguage\":\"en-GB\"}]}<\/script>\n<!-- \/ Yoast SEO plugin. -->","yoast_head_json":{"title":"Kontakt - cnc-metall-processing","description":"Ihr CNC Unternehmen f\u00fcr Metall Prototypen, Serienfertigung und Metall Bauteile in Kleve, Duisburg, Dortmund, Essen, M\u00fcnster, D\u00fcsseldorf","robots":{"index":"index","follow":"follow","max-snippet":"max-snippet:-1","max-image-preview":"max-image-preview:large","max-video-preview":"max-video-preview:-1"},"canonical":"https:\/\/www.cnc-metall-verarbeitung.com\/en\/kontakt","og_locale":"en_GB","og_type":"article","og_title":"Kontakt - cnc-metall-processing","og_description":"Ihr CNC Unternehmen f\u00fcr Metall Prototypen, Serienfertigung und Metall Bauteile in Kleve, Duisburg, Dortmund, Essen, M\u00fcnster, D\u00fcsseldorf","og_url":"https:\/\/www.cnc-metall-verarbeitung.com\/en\/kontakt","og_site_name":"CNC Metall Verarbeitung","article_modified_time":"2024-08-22T13:25:49+00:00","og_image":[{"width":800,"height":600,"url":"https:\/\/www.cnc-metall-verarbeitung.com\/wp-content\/uploads\/maschine_3_800_600.jpg","type":"image\/jpeg"}],"twitter_card":"summary_large_image","twitter_misc":{"Estimated reading time":"1 minute"},"schema":{"@context":"https:\/\/schema.org","@graph":[{"@type":"WebPage","@id":"https:\/\/www.cnc-metall-verarbeitung.com\/kontakt","url":"https:\/\/www.cnc-metall-verarbeitung.com\/kontakt","name":"Kontakt - cnc-metall-processing","isPartOf":{"@id":"https:\/\/www.cnc-metall-verarbeitung.com\/#website"},"primaryImageOfPage":{"@id":"https:\/\/www.cnc-metall-verarbeitung.com\/kontakt#primaryimage"},"image":{"@id":"https:\/\/www.cnc-metall-verarbeitung.com\/kontakt#primaryimage"},"thumbnailUrl":"https:\/\/www.cnc-metall-verarbeitung.com\/wp-content\/uploads\/maschine_3_800_600.jpg","datePublished":"2020-03-14T14:31:03+00:00","dateModified":"2024-08-22T13:25:49+00:00","description":"Ihr CNC Unternehmen f\u00fcr Metall Prototypen, Serienfertigung und Metall Bauteile in Kleve, Duisburg, Dortmund, Essen, M\u00fcnster, D\u00fcsseldorf","inLanguage":"en-GB","potentialAction":[{"@type":"ReadAction","target":["https:\/\/www.cnc-metall-verarbeitung.com\/kontakt"]}]},{"@type":"ImageObject","inLanguage":"en-GB","@id":"https:\/\/www.cnc-metall-verarbeitung.com\/kontakt#primaryimage","url":"https:\/\/www.cnc-metall-verarbeitung.com\/wp-content\/uploads\/maschine_3_800_600.jpg","contentUrl":"https:\/\/www.cnc-metall-verarbeitung.com\/wp-content\/uploads\/maschine_3_800_600.jpg","width":800,"height":600,"caption":"Close up of CNC machine at work"},{"@type":"WebSite","@id":"https:\/\/www.cnc-metall-verarbeitung.com\/#website","url":"https:\/\/www.cnc-metall-verarbeitung.com\/","name":"CNC Metall Verarbeitung","description":"CNC Metall Verarbeitung","potentialAction":[{"@type":"SearchAction","target":{"@type":"EntryPoint","urlTemplate":"https:\/\/www.cnc-metall-verarbeitung.com\/?s={search_term_string}"},"query-input":{"@type":"PropertyValueSpecification","valueRequired":true,"valueName":"search_term_string"}}],"inLanguage":"en-GB"}]}},"_links":{"self":[{"href":"https:\/\/www.cnc-metall-verarbeitung.com\/en\/wp-json\/wp\/v2\/pages\/3047"}],"collection":[{"href":"https:\/\/www.cnc-metall-verarbeitung.com\/en\/wp-json\/wp\/v2\/pages"}],"about":[{"href":"https:\/\/www.cnc-metall-verarbeitung.com\/en\/wp-json\/wp\/v2\/types\/page"}],"author":[{"embeddable":true,"href":"https:\/\/www.cnc-metall-verarbeitung.com\/en\/wp-json\/wp\/v2\/users\/1"}],"replies":[{"embeddable":true,"href":"https:\/\/www.cnc-metall-verarbeitung.com\/en\/wp-json\/wp\/v2\/comments?post=3047"}],"version-history":[{"count":1,"href":"https:\/\/www.cnc-metall-verarbeitung.com\/en\/wp-json\/wp\/v2\/pages\/3047\/revisions"}],"predecessor-version":[{"id":5307,"href":"https:\/\/www.cnc-metall-verarbeitung.com\/en\/wp-json\/wp\/v2\/pages\/3047\/revisions\/5307"}],"wp:featuredmedia":[{"embeddable":true,"href":"https:\/\/www.cnc-metall-verarbeitung.com\/en\/wp-json\/wp\/v2\/media\/5059"}],"wp:attachment":[{"href":"https:\/\/www.cnc-metall-verarbeitung.com\/en\/wp-json\/wp\/v2\/media?parent=3047"}],"curies":[{"name":"wp","href":"https:\/\/api.w.org\/{rel}","templated":true}]}}