{"id":2969,"date":"2020-03-13T06:59:39","date_gmt":"2020-03-13T06:59:39","guid":{"rendered":"https:\/\/www.cnc-metall-verarbeitung.com\/?page_id=2969"},"modified":"2023-02-01T07:59:20","modified_gmt":"2023-02-01T07:59:20","slug":"anfahrt","status":"publish","type":"page","link":"https:\/\/www.cnc-metall-verarbeitung.com\/en\/anfahrt","title":{"rendered":"Approach"},"content":{"rendered":"<div class=\"wpb-content-wrapper\"><div class=\"vc_row wpb_row vc_row-fluid inner_container desktop-visible cneo-head vc_custom_1674664177190 vc_row-has-fill vc_rtl-columns-reverse vc_row-o-content-middle vc_row-flex\"><div class=\"wpb_column vc_column_container vc_col-sm-3\/5\"><div class=\"vc_column-inner vc_custom_1581831845353\"><div class=\"wpb_wrapper\">\n\t<div class=\"wpb_text_column wpb_content_element\" >\n\t\t<div class=\"wpb_wrapper\">\n\t\t\t\n\t\t<\/div>\n\t<\/div>\n<\/div><\/div><\/div><\/div><div class=\"vc_row wpb_row vc_row-fluid mobile-invisible cneo-head\"><div class=\"wpb_column vc_column_container vc_col-sm-12\"><div class=\"vc_column-inner\"><div class=\"wpb_wrapper\">\n\t<div  class=\"wpb_single_image wpb_content_element vc_align_left\">\n\t\t\n\t\t<figure class=\"wpb_wrapper vc_figure\">\n\t\t\t<div class=\"vc_single_image-wrapper   vc_box_border_grey\"><img loading=\"lazy\" decoding=\"async\" width=\"800\" height=\"600\" src=\"https:\/\/www.cnc-metall-verarbeitung.com\/wp-content\/uploads\/maschine_3_800_600.jpg\" class=\"vc_single_image-img attachment-full\" alt=\"\" title=\"CNC at work\" srcset=\"https:\/\/www.cnc-metall-verarbeitung.com\/wp-content\/uploads\/maschine_3_800_600.jpg 800w, https:\/\/www.cnc-metall-verarbeitung.com\/wp-content\/uploads\/maschine_3_800_600-300x225.jpg 300w, https:\/\/www.cnc-metall-verarbeitung.com\/wp-content\/uploads\/maschine_3_800_600-768x576.jpg 768w, https:\/\/www.cnc-metall-verarbeitung.com\/wp-content\/uploads\/maschine_3_800_600-16x12.jpg 16w, https:\/\/www.cnc-metall-verarbeitung.com\/wp-content\/uploads\/maschine_3_800_600-100x75.jpg 100w\" sizes=\"(max-width: 800px) 100vw, 800px\" \/><\/div>\n\t\t<\/figure>\n\t<\/div>\n<\/div><\/div><\/div><\/div><div class=\"vc_row wpb_row vc_row-fluid vc_custom_1584083507903 vc_row-has-fill\"><div class=\"wpb_column vc_column_container vc_col-sm-12\"><div class=\"vc_column-inner\"><div class=\"wpb_wrapper\"><div class=\"vc_empty_space\"   style=\"height: 44px\"><span class=\"vc_empty_space_inner\"><\/span><\/div><\/div><\/div><\/div><\/div><div class=\"vc_row wpb_row vc_row-fluid inner_container_fixed vc_custom_1584083438582 vc_row-has-fill vc_row-o-content-middle vc_row-flex\"><div class=\"inner_container_fixed wpb_column vc_column_container vc_col-sm-6\"><div class=\"vc_column-inner\"><div class=\"wpb_wrapper\">\n\t<div class=\"wpb_text_column wpb_content_element\" >\n\t\t<div class=\"wpb_wrapper\">\n\t\t\t<p>CNC Metal Processing<br \/>\nSiemensstrasse 9<br \/>\n47533 Kleve<\/p>\n<p>Phone 0 28 21 - 8969910<br \/>\nEmail\u00a0<a href=\"mailto:m.sikorska@cnc-metall-verarbeitung.com\">m.sikorska@cnc-metall-verarbeitung.com<\/a><\/p>\n\n\t\t<\/div>\n\t<\/div>\n<\/div><\/div><\/div><div class=\"inner_container_fixed wpb_column vc_column_container vc_col-sm-6\"><div class=\"vc_column-inner\"><div class=\"wpb_wrapper\">\n\t<div class=\"wpb_raw_code wpb_content_element wpb_raw_html\" >\n\t\t<div class=\"wpb_wrapper\">\n\t\t\t<iframe src=\"https:\/\/www.google.com\/maps\/embed?pb=!1m18!1m12!1m3!1d39494.20677653603!2d6.15847307146398!3d51.78079587963955!2m3!1f0!2f0!3f0!3m2!1i1024!2i768!4f13.1!3m3!1m2!1s0x47c7768262e75ecf%3A0xe69beb65685262f2!2sCNC-METAL-PROCESSING!5e0!3m2!1sde!2sde!4v1675238232095!5m2!1sde!2sde\" width=\"600\" height=\"450\" style=\"border:0;\" allowfullscreen=\"\" loading=\"lazy\" referrerpolicy=\"no-referrer-when-downgrade\"><\/iframe>\n\t\t<\/div>\n\t<\/div>\n<\/div><\/div><\/div><\/div><div class=\"vc_row wpb_row vc_row-fluid\"><div class=\"wpb_column vc_column_container vc_col-sm-12\"><div class=\"vc_column-inner\"><div class=\"wpb_wrapper\"><div class=\"vc_empty_space\"   style=\"height: 22px\"><span class=\"vc_empty_space_inner\"><\/span><\/div><\/div><\/div><\/div><\/div>\n<\/div>","protected":false},"excerpt":{"rendered":"CNC Metal Processing Siemensstrasse 9 47533 Kleve Phone 0 28 21 - 8969910 E-mail m.sikorska@cnc-metall-verarbeitung.com","protected":false},"author":1,"featured_media":0,"parent":0,"menu_order":0,"comment_status":"closed","ping_status":"closed","template":"template-blank-4.php","meta":{"footnotes":""},"class_list":["post-2969","page","type-page","status-publish","hentry","no-post-thumbnail"],"yoast_head":"<!-- This site is optimized with the Yoast SEO plugin v23.6 - https:\/\/yoast.com\/wordpress\/plugins\/seo\/ -->\n<title>Anfahrt - cnc-metall-processing<\/title>\n<meta name=\"description\" content=\"Ihr CNC Unternehmen f\u00fcr Metall Prototypen, Serienfertigung und Metall Bauteile in Kleve, Duisburg, Dortmund, Essen, M\u00fcnster, D\u00fcsseldorf\" \/>\n<meta name=\"robots\" content=\"index, follow, max-snippet:-1, max-image-preview:large, max-video-preview:-1\" \/>\n<link rel=\"canonical\" href=\"https:\/\/www.cnc-metall-verarbeitung.com\/en\/anfahrt\" \/>\n<meta property=\"og:locale\" content=\"en_GB\" \/>\n<meta property=\"og:type\" content=\"article\" \/>\n<meta property=\"og:title\" content=\"Anfahrt - cnc-metall-processing\" \/>\n<meta property=\"og:description\" content=\"Ihr CNC Unternehmen f\u00fcr Metall Prototypen, Serienfertigung und Metall Bauteile in Kleve, Duisburg, Dortmund, Essen, M\u00fcnster, D\u00fcsseldorf\" \/>\n<meta property=\"og:url\" content=\"https:\/\/www.cnc-metall-verarbeitung.com\/en\/anfahrt\" \/>\n<meta property=\"og:site_name\" content=\"CNC Metall Verarbeitung\" \/>\n<meta property=\"article:modified_time\" content=\"2023-02-01T07:59:20+00:00\" \/>\n<meta name=\"twitter:card\" content=\"summary_large_image\" \/>\n<meta name=\"twitter:label1\" content=\"Estimated reading time\" \/>\n\t<meta name=\"twitter:data1\" content=\"1 minute\" \/>\n<script type=\"application\/ld+json\" class=\"yoast-schema-graph\">{\"@context\":\"https:\/\/schema.org\",\"@graph\":[{\"@type\":\"WebPage\",\"@id\":\"https:\/\/www.cnc-metall-verarbeitung.com\/anfahrt\",\"url\":\"https:\/\/www.cnc-metall-verarbeitung.com\/anfahrt\",\"name\":\"Anfahrt - cnc-metall-processing\",\"isPartOf\":{\"@id\":\"https:\/\/www.cnc-metall-verarbeitung.com\/#website\"},\"datePublished\":\"2020-03-13T06:59:39+00:00\",\"dateModified\":\"2023-02-01T07:59:20+00:00\",\"description\":\"Ihr CNC Unternehmen f\u00fcr Metall Prototypen, Serienfertigung und Metall Bauteile in Kleve, Duisburg, Dortmund, Essen, M\u00fcnster, D\u00fcsseldorf\",\"inLanguage\":\"en-GB\",\"potentialAction\":[{\"@type\":\"ReadAction\",\"target\":[\"https:\/\/www.cnc-metall-verarbeitung.com\/anfahrt\"]}]},{\"@type\":\"WebSite\",\"@id\":\"https:\/\/www.cnc-metall-verarbeitung.com\/#website\",\"url\":\"https:\/\/www.cnc-metall-verarbeitung.com\/\",\"name\":\"CNC Metall Verarbeitung\",\"description\":\"CNC Metall Verarbeitung\",\"potentialAction\":[{\"@type\":\"SearchAction\",\"target\":{\"@type\":\"EntryPoint\",\"urlTemplate\":\"https:\/\/www.cnc-metall-verarbeitung.com\/?s={search_term_string}\"},\"query-input\":{\"@type\":\"PropertyValueSpecification\",\"valueRequired\":true,\"valueName\":\"search_term_string\"}}],\"inLanguage\":\"en-GB\"}]}<\/script>\n<!-- \/ Yoast SEO plugin. -->","yoast_head_json":{"title":"Anfahrt - cnc-metall-processing","description":"Ihr CNC Unternehmen f\u00fcr Metall Prototypen, Serienfertigung und Metall Bauteile in Kleve, Duisburg, Dortmund, Essen, M\u00fcnster, D\u00fcsseldorf","robots":{"index":"index","follow":"follow","max-snippet":"max-snippet:-1","max-image-preview":"max-image-preview:large","max-video-preview":"max-video-preview:-1"},"canonical":"https:\/\/www.cnc-metall-verarbeitung.com\/en\/anfahrt","og_locale":"en_GB","og_type":"article","og_title":"Anfahrt - cnc-metall-processing","og_description":"Ihr CNC Unternehmen f\u00fcr Metall Prototypen, Serienfertigung und Metall Bauteile in Kleve, Duisburg, Dortmund, Essen, M\u00fcnster, D\u00fcsseldorf","og_url":"https:\/\/www.cnc-metall-verarbeitung.com\/en\/anfahrt","og_site_name":"CNC Metall Verarbeitung","article_modified_time":"2023-02-01T07:59:20+00:00","twitter_card":"summary_large_image","twitter_misc":{"Estimated reading time":"1 minute"},"schema":{"@context":"https:\/\/schema.org","@graph":[{"@type":"WebPage","@id":"https:\/\/www.cnc-metall-verarbeitung.com\/anfahrt","url":"https:\/\/www.cnc-metall-verarbeitung.com\/anfahrt","name":"Anfahrt - cnc-metall-processing","isPartOf":{"@id":"https:\/\/www.cnc-metall-verarbeitung.com\/#website"},"datePublished":"2020-03-13T06:59:39+00:00","dateModified":"2023-02-01T07:59:20+00:00","description":"Ihr CNC Unternehmen f\u00fcr Metall Prototypen, Serienfertigung und Metall Bauteile in Kleve, Duisburg, Dortmund, Essen, M\u00fcnster, D\u00fcsseldorf","inLanguage":"en-GB","potentialAction":[{"@type":"ReadAction","target":["https:\/\/www.cnc-metall-verarbeitung.com\/anfahrt"]}]},{"@type":"WebSite","@id":"https:\/\/www.cnc-metall-verarbeitung.com\/#website","url":"https:\/\/www.cnc-metall-verarbeitung.com\/","name":"CNC Metall Verarbeitung","description":"CNC Metall Verarbeitung","potentialAction":[{"@type":"SearchAction","target":{"@type":"EntryPoint","urlTemplate":"https:\/\/www.cnc-metall-verarbeitung.com\/?s={search_term_string}"},"query-input":{"@type":"PropertyValueSpecification","valueRequired":true,"valueName":"search_term_string"}}],"inLanguage":"en-GB"}]}},"_links":{"self":[{"href":"https:\/\/www.cnc-metall-verarbeitung.com\/en\/wp-json\/wp\/v2\/pages\/2969"}],"collection":[{"href":"https:\/\/www.cnc-metall-verarbeitung.com\/en\/wp-json\/wp\/v2\/pages"}],"about":[{"href":"https:\/\/www.cnc-metall-verarbeitung.com\/en\/wp-json\/wp\/v2\/types\/page"}],"author":[{"embeddable":true,"href":"https:\/\/www.cnc-metall-verarbeitung.com\/en\/wp-json\/wp\/v2\/users\/1"}],"replies":[{"embeddable":true,"href":"https:\/\/www.cnc-metall-verarbeitung.com\/en\/wp-json\/wp\/v2\/comments?post=2969"}],"version-history":[{"count":0,"href":"https:\/\/www.cnc-metall-verarbeitung.com\/en\/wp-json\/wp\/v2\/pages\/2969\/revisions"}],"wp:attachment":[{"href":"https:\/\/www.cnc-metall-verarbeitung.com\/en\/wp-json\/wp\/v2\/media?parent=2969"}],"curies":[{"name":"wp","href":"https:\/\/api.w.org\/{rel}","templated":true}]}}