{"id":2947,"date":"2020-03-12T16:55:12","date_gmt":"2020-03-12T16:55:12","guid":{"rendered":"https:\/\/www.cnc-metall-verarbeitung.com\/?page_id=2947"},"modified":"2023-01-31T18:41:08","modified_gmt":"2023-01-31T18:41:08","slug":"impressum","status":"publish","type":"page","link":"https:\/\/www.cnc-metall-verarbeitung.com\/en\/impressum","title":{"rendered":"Imprint"},"content":{"rendered":"<div class=\"wpb-content-wrapper\"><div class=\"vc_row wpb_row vc_row-fluid inner_container desktop-visible cneo-head vc_custom_1675181532457 vc_row-has-fill vc_rtl-columns-reverse vc_row-o-content-middle vc_row-flex\"><div class=\"wpb_column vc_column_container vc_col-sm-3\/5\"><div class=\"vc_column-inner vc_custom_1581831845353\"><div class=\"wpb_wrapper\">\n\t<div class=\"wpb_text_column wpb_content_element\" >\n\t\t<div class=\"wpb_wrapper\">\n\t\t\t\n\t\t<\/div>\n\t<\/div>\n<\/div><\/div><\/div><\/div><div class=\"vc_row wpb_row vc_row-fluid mobile-invisible cneo-head\"><div class=\"wpb_column vc_column_container vc_col-sm-12\"><div class=\"vc_column-inner\"><div class=\"wpb_wrapper\">\n\t<div  class=\"wpb_single_image wpb_content_element vc_align_left\">\n\t\t\n\t\t<figure class=\"wpb_wrapper vc_figure\">\n\t\t\t<div class=\"vc_single_image-wrapper   vc_box_border_grey\"><\/div>\n\t\t<\/figure>\n\t<\/div>\n<\/div><\/div><\/div><\/div><div class=\"vc_row wpb_row vc_row-fluid inner_container_fixed vc_custom_1584032465510 vc_row-has-fill\"><div class=\"wpb_column vc_column_container vc_col-sm-12\"><div class=\"vc_column-inner\"><div class=\"wpb_wrapper\">\n\t<div class=\"wpb_text_column wpb_content_element\" >\n\t\t<div class=\"wpb_wrapper\">\n\t\t\t<h1 style=\"text-align: center;\">Imprint<\/h1>\n<h2>Information according to \u00a7 5 TMG<\/h2>\n<p>Malgorzata Sikorska<br \/>\nCNC Metal Processing M. Sikorska<br \/>\nSiemensstr. 9<br \/>\n47533 Kleve<\/p>\n<h2>Contact<\/h2>\n<p>Phone: +49 2821 8969910<br \/>\nE-mail: m.sikorska@cnc-metall-verarbeitung.com<\/p>\n<h2>VAT ID<\/h2>\n<p>Sales tax identification number pursuant to \u00a7 27 a of the German Sales Tax Act:<br \/>\nDE250598904<\/p>\n<h2>Details of professional liability insurance<\/h2>\n<p><strong>Name and registered office of the insurer:<\/strong><br \/>\nProvinzial Versicherung AG<br \/>\n40195 D\u00fcsseldorf<\/p>\n<p><strong>Area of validity of the insurance:<\/strong><br \/>\nGermany<\/p>\n<h2>EU dispute resolution<\/h2>\n<p>The European Commission provides a platform for online dispute resolution (ODR): <a href=\"https:\/\/ec.europa.eu\/consumers\/odr\/\" target=\"_blank\" rel=\"noopener noreferrer\">https:\/\/ec.europa.eu\/consumers\/odr\/<\/a>.<br \/>\nYou can find our e-mail address in the imprint above.<\/p>\n<h2>Consumer dispute resolution\/universal arbitration board<\/h2>\n<p>We are not willing or obliged to participate in dispute resolution proceedings before a consumer arbitration board.<\/p>\n<h2>Photo credits:<\/h2>\n<p>CNC Metal Processing, Adobe Stock: #38593753, #209103769, #314767495, #62070336, #96597698, #209303823.<\/p>\n<p>Source: <a href=\"https:\/\/www.e-recht24.de\">eRecht24<\/a><\/p>\n\n\t\t<\/div>\n\t<\/div>\n<\/div><\/div><\/div><\/div>\n<\/div>","protected":false},"excerpt":{"rendered":"Imprint Information according to \u00a7 5 TMG Malgorzata Sikorska CNC-Metall-Processing M. Sikorska Siemensstr. 9 47533 Kleve Contact Phone: +49 2821 8969910 E-mail: m.sikorska@cnc-metall-verarbeitung.com VAT ID VAT identification number according to \u00a7 27 a VAT Act: DE250598904 Details of professional liability insurance Name and registered office of the insurer: Provinzial Versicherung AG 40195 D\u00fcsseldorf Area of validity of the insurance: Germany EU Dispute Resolution The European Commission provides a platform for online dispute resolution (OS): https:\/\/ec.europa.eu\/consumers\/odr\/. Our ... <a href=\"https:\/\/www.cnc-metall-verarbeitung.com\/en\/impressum\" class=\"more-link\">Read More<\/a>","protected":false},"author":1,"featured_media":0,"parent":0,"menu_order":0,"comment_status":"closed","ping_status":"closed","template":"template-blank-4.php","meta":{"footnotes":""},"class_list":["post-2947","page","type-page","status-publish","hentry","no-post-thumbnail"],"yoast_head":"<!-- This site is optimized with the Yoast SEO plugin v23.6 - https:\/\/yoast.com\/wordpress\/plugins\/seo\/ -->\n<title>Impressum - cnc-metall-processing<\/title>\n<meta name=\"description\" content=\"Ihr CNC Unternehmen f\u00fcr Metall Prototypen, Serienfertigung und Metall Bauteile in Kleve, Duisburg, Dortmund, Essen, M\u00fcnster, D\u00fcsseldorf\" \/>\n<meta name=\"robots\" content=\"index, follow, max-snippet:-1, max-image-preview:large, max-video-preview:-1\" \/>\n<link rel=\"canonical\" href=\"https:\/\/www.cnc-metall-verarbeitung.com\/en\/impressum\" \/>\n<meta property=\"og:locale\" content=\"en_GB\" \/>\n<meta property=\"og:type\" content=\"article\" \/>\n<meta property=\"og:title\" content=\"Impressum - cnc-metall-processing\" \/>\n<meta property=\"og:description\" content=\"Ihr CNC Unternehmen f\u00fcr Metall Prototypen, Serienfertigung und Metall Bauteile in Kleve, Duisburg, Dortmund, Essen, M\u00fcnster, D\u00fcsseldorf\" \/>\n<meta property=\"og:url\" content=\"https:\/\/www.cnc-metall-verarbeitung.com\/en\/impressum\" \/>\n<meta property=\"og:site_name\" content=\"CNC Metall Verarbeitung\" \/>\n<meta property=\"article:modified_time\" content=\"2023-01-31T18:41:08+00:00\" \/>\n<meta name=\"twitter:card\" content=\"summary_large_image\" \/>\n<meta name=\"twitter:label1\" content=\"Estimated reading time\" \/>\n\t<meta name=\"twitter:data1\" content=\"1 minute\" \/>\n<script type=\"application\/ld+json\" class=\"yoast-schema-graph\">{\"@context\":\"https:\/\/schema.org\",\"@graph\":[{\"@type\":\"WebPage\",\"@id\":\"https:\/\/www.cnc-metall-verarbeitung.com\/impressum\",\"url\":\"https:\/\/www.cnc-metall-verarbeitung.com\/impressum\",\"name\":\"Impressum - cnc-metall-processing\",\"isPartOf\":{\"@id\":\"https:\/\/www.cnc-metall-verarbeitung.com\/#website\"},\"datePublished\":\"2020-03-12T16:55:12+00:00\",\"dateModified\":\"2023-01-31T18:41:08+00:00\",\"description\":\"Ihr CNC Unternehmen f\u00fcr Metall Prototypen, Serienfertigung und Metall Bauteile in Kleve, Duisburg, Dortmund, Essen, M\u00fcnster, D\u00fcsseldorf\",\"inLanguage\":\"en-GB\",\"potentialAction\":[{\"@type\":\"ReadAction\",\"target\":[\"https:\/\/www.cnc-metall-verarbeitung.com\/impressum\"]}]},{\"@type\":\"WebSite\",\"@id\":\"https:\/\/www.cnc-metall-verarbeitung.com\/#website\",\"url\":\"https:\/\/www.cnc-metall-verarbeitung.com\/\",\"name\":\"CNC Metall Verarbeitung\",\"description\":\"CNC Metall Verarbeitung\",\"potentialAction\":[{\"@type\":\"SearchAction\",\"target\":{\"@type\":\"EntryPoint\",\"urlTemplate\":\"https:\/\/www.cnc-metall-verarbeitung.com\/?s={search_term_string}\"},\"query-input\":{\"@type\":\"PropertyValueSpecification\",\"valueRequired\":true,\"valueName\":\"search_term_string\"}}],\"inLanguage\":\"en-GB\"}]}<\/script>\n<!-- \/ Yoast SEO plugin. -->","yoast_head_json":{"title":"Impressum - cnc-metall-processing","description":"Ihr CNC Unternehmen f\u00fcr Metall Prototypen, Serienfertigung und Metall Bauteile in Kleve, Duisburg, Dortmund, Essen, M\u00fcnster, D\u00fcsseldorf","robots":{"index":"index","follow":"follow","max-snippet":"max-snippet:-1","max-image-preview":"max-image-preview:large","max-video-preview":"max-video-preview:-1"},"canonical":"https:\/\/www.cnc-metall-verarbeitung.com\/en\/impressum","og_locale":"en_GB","og_type":"article","og_title":"Impressum - cnc-metall-processing","og_description":"Ihr CNC Unternehmen f\u00fcr Metall Prototypen, Serienfertigung und Metall Bauteile in Kleve, Duisburg, Dortmund, Essen, M\u00fcnster, D\u00fcsseldorf","og_url":"https:\/\/www.cnc-metall-verarbeitung.com\/en\/impressum","og_site_name":"CNC Metall Verarbeitung","article_modified_time":"2023-01-31T18:41:08+00:00","twitter_card":"summary_large_image","twitter_misc":{"Estimated reading time":"1 minute"},"schema":{"@context":"https:\/\/schema.org","@graph":[{"@type":"WebPage","@id":"https:\/\/www.cnc-metall-verarbeitung.com\/impressum","url":"https:\/\/www.cnc-metall-verarbeitung.com\/impressum","name":"Impressum - cnc-metall-processing","isPartOf":{"@id":"https:\/\/www.cnc-metall-verarbeitung.com\/#website"},"datePublished":"2020-03-12T16:55:12+00:00","dateModified":"2023-01-31T18:41:08+00:00","description":"Ihr CNC Unternehmen f\u00fcr Metall Prototypen, Serienfertigung und Metall Bauteile in Kleve, Duisburg, Dortmund, Essen, M\u00fcnster, D\u00fcsseldorf","inLanguage":"en-GB","potentialAction":[{"@type":"ReadAction","target":["https:\/\/www.cnc-metall-verarbeitung.com\/impressum"]}]},{"@type":"WebSite","@id":"https:\/\/www.cnc-metall-verarbeitung.com\/#website","url":"https:\/\/www.cnc-metall-verarbeitung.com\/","name":"CNC Metall Verarbeitung","description":"CNC Metall Verarbeitung","potentialAction":[{"@type":"SearchAction","target":{"@type":"EntryPoint","urlTemplate":"https:\/\/www.cnc-metall-verarbeitung.com\/?s={search_term_string}"},"query-input":{"@type":"PropertyValueSpecification","valueRequired":true,"valueName":"search_term_string"}}],"inLanguage":"en-GB"}]}},"_links":{"self":[{"href":"https:\/\/www.cnc-metall-verarbeitung.com\/en\/wp-json\/wp\/v2\/pages\/2947"}],"collection":[{"href":"https:\/\/www.cnc-metall-verarbeitung.com\/en\/wp-json\/wp\/v2\/pages"}],"about":[{"href":"https:\/\/www.cnc-metall-verarbeitung.com\/en\/wp-json\/wp\/v2\/types\/page"}],"author":[{"embeddable":true,"href":"https:\/\/www.cnc-metall-verarbeitung.com\/en\/wp-json\/wp\/v2\/users\/1"}],"replies":[{"embeddable":true,"href":"https:\/\/www.cnc-metall-verarbeitung.com\/en\/wp-json\/wp\/v2\/comments?post=2947"}],"version-history":[{"count":0,"href":"https:\/\/www.cnc-metall-verarbeitung.com\/en\/wp-json\/wp\/v2\/pages\/2947\/revisions"}],"wp:attachment":[{"href":"https:\/\/www.cnc-metall-verarbeitung.com\/en\/wp-json\/wp\/v2\/media?parent=2947"}],"curies":[{"name":"wp","href":"https:\/\/api.w.org\/{rel}","templated":true}]}}